{"id":22396,"date":"2022-11-02T10:02:23","date_gmt":"2022-11-02T09:02:23","guid":{"rendered":"https:\/\/salaterka.pl\/przepisy\/?page_id=22396"},"modified":"2022-11-02T10:04:50","modified_gmt":"2022-11-02T09:04:50","slug":"jak-korzystac-z-jadlodajni","status":"publish","type":"page","link":"https:\/\/salaterka.pl\/przepisy\/jak-korzystac-z-jadlodajni\/","title":{"rendered":"Jak korzysta\u0107 z Jad\u0142odajni"},"content":{"rendered":"<p>Zapraszamy Ci\u0119 do obejrzenia poradnika, jak korzysta\u0107 z Jad\u0142odajni:<\/p>\n\n\n<figure class=\"wp-block-embed is-type-video is-provider-youtube wp-block-embed-youtube wp-embed-aspect-16-9 wp-has-aspect-ratio\"><div class=\"wp-block-embed__wrapper\">\n<div class=\"videoWrapper\"><iframe loading=\"lazy\" title=\"Jak wygl\u0105da Jad\u0142odajnia i jak z niej korzysta\u0107?\" width=\"500\" height=\"281\" src=\"https:\/\/www.youtube.com\/embed\/2MX-rEdDUBc?feature=oembed&#038;enablejsapi=1&#038;origin=https:\/\/salaterka.pl\" frameborder=\"0\" allow=\"accelerometer; autoplay; clipboard-write; encrypted-media; gyroscope; picture-in-picture\" allowfullscreen><\/iframe><\/div>\n<\/div><\/figure>\n\n\n\n\n\n<p><\/p>\n","protected":false},"excerpt":{"rendered":"<p>Zapraszamy Ci\u0119 do obejrzenia poradnika, jak korzysta\u0107 z Jad\u0142odajni:<\/p>\n","protected":false},"author":1,"featured_media":0,"parent":0,"menu_order":0,"comment_status":"open","ping_status":"closed","template":"template_page_nosidebar.php","meta":{"pmpro_default_level":"","_monsterinsights_skip_tracking":false,"_monsterinsights_sitenote_active":false,"_monsterinsights_sitenote_note":"","_monsterinsights_sitenote_category":0},"acf":[],"_links":{"self":[{"href":"https:\/\/salaterka.pl\/przepisy\/wp-json\/wp\/v2\/pages\/22396"}],"collection":[{"href":"https:\/\/salaterka.pl\/przepisy\/wp-json\/wp\/v2\/pages"}],"about":[{"href":"https:\/\/salaterka.pl\/przepisy\/wp-json\/wp\/v2\/types\/page"}],"author":[{"embeddable":true,"href":"https:\/\/salaterka.pl\/przepisy\/wp-json\/wp\/v2\/users\/1"}],"replies":[{"embeddable":true,"href":"https:\/\/salaterka.pl\/przepisy\/wp-json\/wp\/v2\/comments?post=22396"}],"version-history":[{"count":2,"href":"https:\/\/salaterka.pl\/przepisy\/wp-json\/wp\/v2\/pages\/22396\/revisions"}],"predecessor-version":[{"id":22399,"href":"https:\/\/salaterka.pl\/przepisy\/wp-json\/wp\/v2\/pages\/22396\/revisions\/22399"}],"wp:attachment":[{"href":"https:\/\/salaterka.pl\/przepisy\/wp-json\/wp\/v2\/media?parent=22396"}],"curies":[{"name":"wp","href":"https:\/\/api.w.org\/{rel}","templated":true}]}}